{"id":8994,"date":"2020-12-14T08:23:14","date_gmt":"2020-12-14T07:23:14","guid":{"rendered":"https:\/\/companyhub.liquid-themes.com\/staging\/?page_id=8994"},"modified":"2022-07-30T18:22:19","modified_gmt":"2022-07-30T17:22:19","slug":"news","status":"publish","type":"page","link":"https:\/\/decouvrirmacite.com\/en\/news\/","title":{"rendered":"News"},"content":{"rendered":"<div data-elementor-type=\"wp-page\" data-elementor-id=\"8994\" class=\"elementor elementor-8994\">\n\t\t\t\t\t\t\t\t\t<section class=\"elementor-section elementor-top-section elementor-element elementor-element-e456d61 elementor-section-boxed elementor-section-height-default elementor-section-height-default\" data-id=\"e456d61\" data-element_type=\"section\">\n\t\t\t\t\t\t<div class=\"elementor-container elementor-column-gap-default\">\n\t\t\t\t\t<div class=\"elementor-column elementor-col-100 elementor-top-column elementor-element elementor-element-e94a6e8\" data-id=\"e94a6e8\" data-element_type=\"column\">\n\t\t\t<div class=\"elementor-widget-wrap elementor-element-populated\">\n\t\t\t\t\t\t\t\t<div class=\"elementor-element elementor-element-9914842 elementor-widget elementor-widget-ld_blog\" data-id=\"9914842\" data-element_type=\"widget\" data-widget_type=\"ld_blog.default\">\n\t\t\t\t<div class=\"elementor-widget-container\">\n\t\t\t<div class=\"lqd-lp-grid 9914842 blog-id-160516162\"><div class=\"lqd-lp-row row d-flex flex-wrap pos-rel\"><div class=\"lqd-lp-column d-flex flex-column col-md-6 col-sm-6 rencontres\"><article id=\"post-11349\" class=\"lqd-lp pos-rel lqd-lp lqd-lp-style-16 text-start post-11349 post type-post status-publish format-standard has-post-thumbnail hentry category-rencontres\">\n\n<div class=\"lqd-lp-img border-radius-4 overflow-hidden pos-rel mb-5\">\n\t<figure class=\"pos-rel bg-cover bg-center w-100\"><img width=\"720\" height=\"400\" src=\"data:image\/svg+xml,%3Csvg xmlns=&#039;http:\/\/www.w3.org\/2000\/svg&#039; viewBox=&#039;0 0 720 400&#039;%3E%3C\/svg%3E\" class=\"w-100 ld-lazyload wp-post-image\" alt=\"\" loading=\"lazy\" data-src=\"https:\/\/decouvrirmacite.com\/wp-content\/uploads\/2022\/04\/235801334_6184809604893151_2203115237127845993_n-720x400.jpg\" data-aspect=\"1.8\" \/><\/figure><\/div>\n\n<header class=\"lqd-lp-header mb-3\">\n\t<h2 class=\"entry-title lqd-lp-title h5 m-0\"><a  href=\"https:\/\/decouvrirmacite.com\/en\/intercultural-dinner-2021\/\" rel=\"bookmark\">Heritage Trail in Old Quebec 2022<\/a><\/h2><\/header>\n\n\t\t\t<div class=\"lqd-lp-excerpt mb-3\">\n\t\t\t\t<p>Saturday, August 14, 2021 at 5:00 pm, Ms. Julie Vignola honored with her presence the intercultural dinner organized by the SNQC<\/p>\n\t\t\t<\/div>\n\t\t\n\n<a  href=\"https:\/\/decouvrirmacite.com\/en\/intercultural-dinner-2021\/\" class=\"lqd-lp-overlay-link lqd-overlay z-index-2\"><\/a>\n<\/article><\/div><div class=\"lqd-lp-column d-flex flex-column col-md-6 col-sm-6 rencontres\"><article id=\"post-11333\" class=\"lqd-lp pos-rel lqd-lp lqd-lp-style-16 text-start post-11333 post type-post status-publish format-standard has-post-thumbnail hentry category-rencontres\">\n\n<div class=\"lqd-lp-img border-radius-4 overflow-hidden pos-rel mb-5\">\n\t<figure class=\"pos-rel bg-cover bg-center w-100\"><img width=\"720\" height=\"400\" src=\"data:image\/svg+xml,%3Csvg xmlns=&#039;http:\/\/www.w3.org\/2000\/svg&#039; viewBox=&#039;0 0 720 400&#039;%3E%3C\/svg%3E\" class=\"w-100 ld-lazyload wp-post-image\" alt=\"\" loading=\"lazy\" data-src=\"https:\/\/decouvrirmacite.com\/wp-content\/uploads\/2022\/04\/242000987_401579608196382_1392477175679164452_n-1-720x400.jpg\" data-aspect=\"1.8\" \/><\/figure><\/div>\n\n<header class=\"lqd-lp-header mb-3\">\n\t<h2 class=\"entry-title lqd-lp-title h5 m-0\"><a  href=\"https:\/\/decouvrirmacite.com\/en\/inter-cultural-picnic-in-september-2021-2\/\" rel=\"bookmark\">Conference and Intercultural Picnic July 2022<\/a><\/h2><\/header>\n\n\t\t\t<div class=\"lqd-lp-excerpt mb-3\">\n\t\t\t\t<p>It was an event rich in encounters, members of different cultural communities took advantage of the opportunity<\/p>\n\t\t\t<\/div>\n\t\t\n\n<a  href=\"https:\/\/decouvrirmacite.com\/en\/inter-cultural-picnic-in-september-2021-2\/\" class=\"lqd-lp-overlay-link lqd-overlay z-index-2\"><\/a>\n<\/article><\/div><div class=\"lqd-lp-column d-flex flex-column col-md-6 col-sm-6 rencontres\"><article id=\"post-11297\" class=\"lqd-lp pos-rel lqd-lp lqd-lp-style-16 text-start post-11297 post type-post status-publish format-standard has-post-thumbnail hentry category-rencontres\">\n\n<div class=\"lqd-lp-img border-radius-4 overflow-hidden pos-rel mb-5\">\n\t<figure class=\"pos-rel bg-cover bg-center w-100\"><img width=\"720\" height=\"400\" src=\"data:image\/svg+xml,%3Csvg xmlns=&#039;http:\/\/www.w3.org\/2000\/svg&#039; viewBox=&#039;0 0 720 400&#039;%3E%3C\/svg%3E\" class=\"w-100 ld-lazyload wp-post-image\" alt=\"\" loading=\"lazy\" data-src=\"https:\/\/decouvrirmacite.com\/wp-content\/uploads\/2022\/06\/284675691_1462853577470304_8797353289904689736_n-720x400.jpeg\" data-aspect=\"1.8\" \/><\/figure><\/div>\n\n<header class=\"lqd-lp-header mb-3\">\n\t<h2 class=\"entry-title lqd-lp-title h5 m-0\"><a  href=\"https:\/\/decouvrirmacite.com\/en\/cultural-meetings-september-2020\/\" rel=\"bookmark\">New approaches to immigrant integration in Quebec City: the case of the Discover My City heritage tour<\/a><\/h2><\/header>\n\n\t\t\t<div class=\"lqd-lp-excerpt mb-3\">\n\t\t\t\t<p>On May 28, 2022, Robinson Ngametche, director of D\u00e9couvrir ma cit\u00e9, was invited to participate as a speaker at the 56th Congress of the F\u00e9d\u00e9ration Histoire Qu\u00e9bec.<\/p>\n\t\t\t<\/div>\n\t\t\n\n<a  href=\"https:\/\/decouvrirmacite.com\/en\/cultural-meetings-september-2020\/\" class=\"lqd-lp-overlay-link lqd-overlay z-index-2\"><\/a>\n<\/article><\/div><div class=\"lqd-lp-column d-flex flex-column col-md-6 col-sm-6 rencontres\"><article id=\"post-11272\" class=\"lqd-lp pos-rel lqd-lp lqd-lp-style-16 text-start post-11272 post type-post status-publish format-standard has-post-thumbnail hentry category-rencontres\">\n\n<div class=\"lqd-lp-img border-radius-4 overflow-hidden pos-rel mb-5\">\n\t<figure class=\"pos-rel bg-cover bg-center w-100\"><img width=\"720\" height=\"400\" src=\"data:image\/svg+xml,%3Csvg xmlns=&#039;http:\/\/www.w3.org\/2000\/svg&#039; viewBox=&#039;0 0 720 400&#039;%3E%3C\/svg%3E\" class=\"w-100 ld-lazyload wp-post-image\" alt=\"\" loading=\"lazy\" data-src=\"https:\/\/decouvrirmacite.com\/wp-content\/uploads\/2022\/05\/279813764_1446676855754643_643465600699114365_n-720x400.jpg\" data-aspect=\"1.8\" \/><\/figure><\/div>\n\n<header class=\"lqd-lp-header mb-3\">\n\t<h2 class=\"entry-title lqd-lp-title h5 m-0\"><a  href=\"https:\/\/decouvrirmacite.com\/en\/cultural-meetings-september-2020\/\" rel=\"bookmark\">A summer school at Laval University.<\/a><\/h2><\/header>\n\n\t\t\t<div class=\"lqd-lp-excerpt mb-3\">\n\t\t\t\t<p>A visit to a renowned university is always a pleasure.<br \/>\nThat's why a visit to the Laval University site can only delight us more.<\/p>\n\t\t\t<\/div>\n\t\t\n\n<a  href=\"https:\/\/decouvrirmacite.com\/en\/cultural-meetings-september-2020\/\" class=\"lqd-lp-overlay-link lqd-overlay z-index-2\"><\/a>\n<\/article><\/div><div class=\"lqd-lp-column d-flex flex-column col-md-6 col-sm-6 rencontres\"><article id=\"post-11111\" class=\"lqd-lp pos-rel lqd-lp lqd-lp-style-16 text-start post-11111 post type-post status-publish format-standard has-post-thumbnail hentry category-rencontres\">\n\n<div class=\"lqd-lp-img border-radius-4 overflow-hidden pos-rel mb-5\">\n\t<figure class=\"pos-rel bg-cover bg-center w-100\"><img width=\"720\" height=\"400\" src=\"data:image\/svg+xml,%3Csvg xmlns=&#039;http:\/\/www.w3.org\/2000\/svg&#039; viewBox=&#039;0 0 720 400&#039;%3E%3C\/svg%3E\" class=\"w-100 ld-lazyload wp-post-image\" alt=\"\" loading=\"lazy\" data-src=\"https:\/\/decouvrirmacite.com\/wp-content\/uploads\/2022\/04\/242000987_401579608196382_1392477175679164452_n-1-720x400.jpg\" data-aspect=\"1.8\" \/><\/figure><\/div>\n\n<header class=\"lqd-lp-header mb-3\">\n\t<h2 class=\"entry-title lqd-lp-title h5 m-0\"><a  href=\"https:\/\/decouvrirmacite.com\/en\/inter-cultural-picnic-in-september-2021-2\/\" rel=\"bookmark\">Intercultural picnic in September 2021<\/a><\/h2><\/header>\n\n\t\t\t<div class=\"lqd-lp-excerpt mb-3\">\n\t\t\t\t<p>It was an event rich in encounters, members of different cultural communities took advantage of the opportunity<\/p>\n\t\t\t<\/div>\n\t\t\n\n<a  href=\"https:\/\/decouvrirmacite.com\/en\/inter-cultural-picnic-in-september-2021-2\/\" class=\"lqd-lp-overlay-link lqd-overlay z-index-2\"><\/a>\n<\/article><\/div><div class=\"lqd-lp-column d-flex flex-column col-md-6 col-sm-6 rencontres\"><article id=\"post-10802\" class=\"lqd-lp pos-rel lqd-lp lqd-lp-style-16 text-start post-10802 post type-post status-publish format-standard has-post-thumbnail hentry category-rencontres\">\n\n<div class=\"lqd-lp-img border-radius-4 overflow-hidden pos-rel mb-5\">\n\t<figure class=\"pos-rel bg-cover bg-center w-100\"><img width=\"720\" height=\"400\" src=\"data:image\/svg+xml,%3Csvg xmlns=&#039;http:\/\/www.w3.org\/2000\/svg&#039; viewBox=&#039;0 0 720 400&#039;%3E%3C\/svg%3E\" class=\"w-100 ld-lazyload wp-post-image\" alt=\"\" loading=\"lazy\" data-src=\"https:\/\/decouvrirmacite.com\/wp-content\/uploads\/2022\/04\/235801334_6184809604893151_2203115237127845993_n-720x400.jpg\" data-aspect=\"1.8\" \/><\/figure><\/div>\n\n<header class=\"lqd-lp-header mb-3\">\n\t<h2 class=\"entry-title lqd-lp-title h5 m-0\"><a  href=\"https:\/\/decouvrirmacite.com\/en\/intercultural-dinner-2021\/\" rel=\"bookmark\">August 2021 Intercultural Dinner<\/a><\/h2><\/header>\n\n\t\t\t<div class=\"lqd-lp-excerpt mb-3\">\n\t\t\t\t<p>Saturday, August 14, 2021 at 5:00 pm, Ms. Julie Vignola honored with her presence the intercultural dinner organized by the SNQC<\/p>\n\t\t\t<\/div>\n\t\t\n\n<a  href=\"https:\/\/decouvrirmacite.com\/en\/intercultural-dinner-2021\/\" class=\"lqd-lp-overlay-link lqd-overlay z-index-2\"><\/a>\n<\/article><\/div><div class=\"lqd-lp-column d-flex flex-column col-md-6 col-sm-6 rapport\"><article id=\"post-10007\" class=\"lqd-lp pos-rel lqd-lp lqd-lp-style-16 text-start post-10007 post type-post status-publish format-standard has-post-thumbnail hentry category-rapport\">\n\n<div class=\"lqd-lp-img border-radius-4 overflow-hidden pos-rel mb-5\">\n\t<figure class=\"pos-rel bg-cover bg-center w-100\"><img width=\"720\" height=\"400\" src=\"data:image\/svg+xml,%3Csvg xmlns=&#039;http:\/\/www.w3.org\/2000\/svg&#039; viewBox=&#039;0 0 720 400&#039;%3E%3C\/svg%3E\" class=\"w-100 ld-lazyload wp-post-image\" alt=\"\" loading=\"lazy\" data-src=\"https:\/\/decouvrirmacite.com\/wp-content\/uploads\/2021\/06\/ii-720x400.jpg\" data-aspect=\"1.8\" \/><\/figure><\/div>\n\n<header class=\"lqd-lp-header mb-3\">\n\t<h2 class=\"entry-title lqd-lp-title h5 m-0\"><a  href=\"https:\/\/decouvrirmacite.com\/en\/resume-de-lannee-2019\/\" rel=\"bookmark\">Summary of the year 2019<\/a><\/h2><\/header>\n\n\t\t\t<div class=\"lqd-lp-excerpt mb-3\">\n\t\t\t\t<p>The year 2019 was most notable for winning the 2019 Quebec City Heritage Award. Thanks to the Discover My City project<\/p>\n\t\t\t<\/div>\n\t\t\n\n<a  href=\"https:\/\/decouvrirmacite.com\/en\/resume-de-lannee-2019\/\" class=\"lqd-lp-overlay-link lqd-overlay z-index-2\"><\/a>\n<\/article><\/div><div class=\"lqd-lp-column d-flex flex-column col-md-6 col-sm-6 rapport\"><article id=\"post-10006\" class=\"lqd-lp pos-rel lqd-lp lqd-lp-style-16 text-start post-10006 post type-post status-publish format-standard has-post-thumbnail hentry category-rapport\">\n\n<div class=\"lqd-lp-img border-radius-4 overflow-hidden pos-rel mb-5\">\n\t<figure class=\"pos-rel bg-cover bg-center w-100\"><img width=\"720\" height=\"400\" src=\"data:image\/svg+xml,%3Csvg xmlns=&#039;http:\/\/www.w3.org\/2000\/svg&#039; viewBox=&#039;0 0 720 400&#039;%3E%3C\/svg%3E\" class=\"w-100 ld-lazyload wp-post-image\" alt=\"\" loading=\"lazy\" data-src=\"https:\/\/decouvrirmacite.com\/wp-content\/uploads\/2019\/12\/bg-1@2x-scaled-1-720x400.jpg\" data-srcset=\"https:\/\/decouvrirmacite.com\/wp-content\/uploads\/2019\/12\/bg-1@2x-scaled-1-720x400.jpg 720w, https:\/\/decouvrirmacite.com\/wp-content\/uploads\/2019\/12\/bg-1@2x-scaled-1-300x167.jpg 300w, https:\/\/decouvrirmacite.com\/wp-content\/uploads\/2019\/12\/bg-1@2x-scaled-1-1024x569.jpg 1024w\" data-sizes=\"(max-width: 720px) 100vw, 720px\" data-aspect=\"1.8\" \/><\/figure><\/div>\n\n<header class=\"lqd-lp-header mb-3\">\n\t<h2 class=\"entry-title lqd-lp-title h5 m-0\"><a  href=\"https:\/\/decouvrirmacite.com\/en\/resume-de-lannee-2020\/\" rel=\"bookmark\">Summary of the year 2020<\/a><\/h2><\/header>\n\n\t\t\t<div class=\"lqd-lp-excerpt mb-3\">\n\t\t\t\t<p>The year 2020 has been a very, very difficult year for all sectors of activity and even more serious for ours, which is characterized by<\/p>\n\t\t\t<\/div>\n\t\t\n\n<a  href=\"https:\/\/decouvrirmacite.com\/en\/resume-de-lannee-2020\/\" class=\"lqd-lp-overlay-link lqd-overlay z-index-2\"><\/a>\n<\/article><\/div><div class=\"lqd-lp-column d-flex flex-column col-md-6 col-sm-6 culture\"><article id=\"post-10003\" class=\"lqd-lp pos-rel lqd-lp lqd-lp-style-16 text-start post-10003 post type-post status-publish format-standard has-post-thumbnail hentry category-culture\">\n\n<div class=\"lqd-lp-img border-radius-4 overflow-hidden pos-rel mb-5\">\n\t<figure class=\"pos-rel bg-cover bg-center w-100\"><img width=\"720\" height=\"400\" src=\"data:image\/svg+xml,%3Csvg xmlns=&#039;http:\/\/www.w3.org\/2000\/svg&#039; viewBox=&#039;0 0 720 400&#039;%3E%3C\/svg%3E\" class=\"w-100 ld-lazyload wp-post-image\" alt=\"\" loading=\"lazy\" data-src=\"https:\/\/decouvrirmacite.com\/wp-content\/uploads\/2021\/06\/78263056_3341809869226120_6531329073078075392_n-720x400.jpg\" data-srcset=\"https:\/\/decouvrirmacite.com\/wp-content\/uploads\/2021\/06\/78263056_3341809869226120_6531329073078075392_n-720x400.jpg 720w, https:\/\/decouvrirmacite.com\/wp-content\/uploads\/2021\/06\/78263056_3341809869226120_6531329073078075392_n-18x10.jpg 18w\" data-sizes=\"(max-width: 720px) 100vw, 720px\" data-aspect=\"1.8\" \/><\/figure><\/div>\n\n<header class=\"lqd-lp-header mb-3\">\n\t<h2 class=\"entry-title lqd-lp-title h5 m-0\"><a  href=\"https:\/\/decouvrirmacite.com\/en\/cultural-meetings-september-2020\/\" rel=\"bookmark\">Cultural events in September 2020<\/a><\/h2><\/header>\n\n\t\t\t<div class=\"lqd-lp-excerpt mb-3\">\n\t\t\t\t<p>Men immigrating, either to find work, experience daily and repeated discrimination of social class and origin<\/p>\n\t\t\t<\/div>\n\t\t\n\n<a  href=\"https:\/\/decouvrirmacite.com\/en\/cultural-meetings-september-2020\/\" class=\"lqd-lp-overlay-link lqd-overlay z-index-2\"><\/a>\n<\/article><\/div><\/div><!--\/ .row --><\/div><!--\/ .lqd-lp-grid -->\t\t<\/div>\n\t\t\t\t<\/div>\n\t\t\t\t\t<\/div>\n\t\t<\/div>\n\t\t\t\t\t\t\t<\/div>\n\t\t<\/section>\n\t\t\t\t\t\t\t<\/div>","protected":false},"excerpt":{"rendered":"","protected":false},"author":1,"featured_media":10502,"parent":0,"menu_order":0,"comment_status":"closed","ping_status":"closed","template":"","meta":[],"yoast_head":"<!-- This site is optimized with the Yoast SEO plugin v18.6 - https:\/\/yoast.com\/wordpress\/plugins\/seo\/ -->\n<title>Actualit\u00e9s - D\u00e9couvrir ma cit\u00e9<\/title>\n<meta name=\"robots\" content=\"index, follow, max-snippet:-1, max-image-preview:large, max-video-preview:-1\" \/>\n<link rel=\"canonical\" href=\"https:\/\/decouvrirmacite.com\/en\/news\/\" \/>\n<meta property=\"og:locale\" content=\"en_GB\" \/>\n<meta property=\"og:type\" content=\"article\" \/>\n<meta property=\"og:title\" content=\"Actualit\u00e9s - D\u00e9couvrir ma cit\u00e9\" \/>\n<meta property=\"og:url\" content=\"https:\/\/decouvrirmacite.com\/en\/news\/\" \/>\n<meta property=\"og:site_name\" content=\"D\u00e9couvrir ma cit\u00e9\" \/>\n<meta property=\"article:modified_time\" content=\"2022-07-30T17:22:19+00:00\" \/>\n<meta property=\"og:image\" content=\"https:\/\/decouvrirmacite.com\/wp-content\/uploads\/2022\/04\/242013465_401579004863109_2759654430083942079_n.jpeg\" \/>\n\t<meta property=\"og:image:width\" content=\"2048\" \/>\n\t<meta property=\"og:image:height\" content=\"1365\" \/>\n\t<meta property=\"og:image:type\" content=\"image\/jpeg\" \/>\n<meta name=\"twitter:label1\" content=\"Estimated reading time\" \/>\n\t<meta name=\"twitter:data1\" content=\"2 minutes\" \/>\n<script type=\"application\/ld+json\" class=\"yoast-schema-graph\">{\"@context\":\"https:\/\/schema.org\",\"@graph\":[{\"@type\":\"WebSite\",\"@id\":\"https:\/\/decouvrirmacite.com\/#website\",\"url\":\"https:\/\/decouvrirmacite.com\/\",\"name\":\"D\u00e9couvrir ma cit\u00e9\",\"description\":\"\",\"potentialAction\":[{\"@type\":\"SearchAction\",\"target\":{\"@type\":\"EntryPoint\",\"urlTemplate\":\"https:\/\/decouvrirmacite.com\/?s={search_term_string}\"},\"query-input\":\"required name=search_term_string\"}],\"inLanguage\":\"en-GB\"},{\"@type\":\"ImageObject\",\"@id\":\"https:\/\/decouvrirmacite.com\/news\/#primaryimage\",\"inLanguage\":\"en-GB\",\"url\":\"https:\/\/decouvrirmacite.com\/wp-content\/uploads\/2022\/04\/242013465_401579004863109_2759654430083942079_n.jpeg\",\"contentUrl\":\"https:\/\/decouvrirmacite.com\/wp-content\/uploads\/2022\/04\/242013465_401579004863109_2759654430083942079_n.jpeg\",\"width\":2048,\"height\":1365},{\"@type\":\"WebPage\",\"@id\":\"https:\/\/decouvrirmacite.com\/news\/#webpage\",\"url\":\"https:\/\/decouvrirmacite.com\/news\/\",\"name\":\"Actualit\u00e9s - D\u00e9couvrir ma cit\u00e9\",\"isPartOf\":{\"@id\":\"https:\/\/decouvrirmacite.com\/#website\"},\"primaryImageOfPage\":{\"@id\":\"https:\/\/decouvrirmacite.com\/news\/#primaryimage\"},\"datePublished\":\"2020-12-14T07:23:14+00:00\",\"dateModified\":\"2022-07-30T17:22:19+00:00\",\"breadcrumb\":{\"@id\":\"https:\/\/decouvrirmacite.com\/news\/#breadcrumb\"},\"inLanguage\":\"en-GB\",\"potentialAction\":[{\"@type\":\"ReadAction\",\"target\":[\"https:\/\/decouvrirmacite.com\/news\/\"]}]},{\"@type\":\"BreadcrumbList\",\"@id\":\"https:\/\/decouvrirmacite.com\/news\/#breadcrumb\",\"itemListElement\":[{\"@type\":\"ListItem\",\"position\":1,\"name\":\"Accueil\",\"item\":\"https:\/\/decouvrirmacite.com\/\"},{\"@type\":\"ListItem\",\"position\":2,\"name\":\"Actualit\u00e9s\"}]}]}<\/script>\n<!-- \/ Yoast SEO plugin. -->","yoast_head_json":{"title":"Actualit\u00e9s - D\u00e9couvrir ma cit\u00e9","robots":{"index":"index","follow":"follow","max-snippet":"max-snippet:-1","max-image-preview":"max-image-preview:large","max-video-preview":"max-video-preview:-1"},"canonical":"https:\/\/decouvrirmacite.com\/en\/news\/","og_locale":"en_GB","og_type":"article","og_title":"Actualit\u00e9s - D\u00e9couvrir ma cit\u00e9","og_url":"https:\/\/decouvrirmacite.com\/en\/news\/","og_site_name":"D\u00e9couvrir ma cit\u00e9","article_modified_time":"2022-07-30T17:22:19+00:00","og_image":[{"width":2048,"height":1365,"url":"https:\/\/decouvrirmacite.com\/wp-content\/uploads\/2022\/04\/242013465_401579004863109_2759654430083942079_n.jpeg","type":"image\/jpeg"}],"twitter_misc":{"Estimated reading time":"2 minutes"},"schema":{"@context":"https:\/\/schema.org","@graph":[{"@type":"WebSite","@id":"https:\/\/decouvrirmacite.com\/#website","url":"https:\/\/decouvrirmacite.com\/","name":"D\u00e9couvrir ma cit\u00e9","description":"","potentialAction":[{"@type":"SearchAction","target":{"@type":"EntryPoint","urlTemplate":"https:\/\/decouvrirmacite.com\/?s={search_term_string}"},"query-input":"required name=search_term_string"}],"inLanguage":"en-GB"},{"@type":"ImageObject","@id":"https:\/\/decouvrirmacite.com\/news\/#primaryimage","inLanguage":"en-GB","url":"https:\/\/decouvrirmacite.com\/wp-content\/uploads\/2022\/04\/242013465_401579004863109_2759654430083942079_n.jpeg","contentUrl":"https:\/\/decouvrirmacite.com\/wp-content\/uploads\/2022\/04\/242013465_401579004863109_2759654430083942079_n.jpeg","width":2048,"height":1365},{"@type":"WebPage","@id":"https:\/\/decouvrirmacite.com\/news\/#webpage","url":"https:\/\/decouvrirmacite.com\/news\/","name":"Actualit\u00e9s - D\u00e9couvrir ma cit\u00e9","isPartOf":{"@id":"https:\/\/decouvrirmacite.com\/#website"},"primaryImageOfPage":{"@id":"https:\/\/decouvrirmacite.com\/news\/#primaryimage"},"datePublished":"2020-12-14T07:23:14+00:00","dateModified":"2022-07-30T17:22:19+00:00","breadcrumb":{"@id":"https:\/\/decouvrirmacite.com\/news\/#breadcrumb"},"inLanguage":"en-GB","potentialAction":[{"@type":"ReadAction","target":["https:\/\/decouvrirmacite.com\/news\/"]}]},{"@type":"BreadcrumbList","@id":"https:\/\/decouvrirmacite.com\/news\/#breadcrumb","itemListElement":[{"@type":"ListItem","position":1,"name":"Accueil","item":"https:\/\/decouvrirmacite.com\/"},{"@type":"ListItem","position":2,"name":"Actualit\u00e9s"}]}]}},"_links":{"self":[{"href":"https:\/\/decouvrirmacite.com\/en\/wp-json\/wp\/v2\/pages\/8994"}],"collection":[{"href":"https:\/\/decouvrirmacite.com\/en\/wp-json\/wp\/v2\/pages"}],"about":[{"href":"https:\/\/decouvrirmacite.com\/en\/wp-json\/wp\/v2\/types\/page"}],"author":[{"embeddable":true,"href":"https:\/\/decouvrirmacite.com\/en\/wp-json\/wp\/v2\/users\/1"}],"replies":[{"embeddable":true,"href":"https:\/\/decouvrirmacite.com\/en\/wp-json\/wp\/v2\/comments?post=8994"}],"version-history":[{"count":6,"href":"https:\/\/decouvrirmacite.com\/en\/wp-json\/wp\/v2\/pages\/8994\/revisions"}],"predecessor-version":[{"id":11367,"href":"https:\/\/decouvrirmacite.com\/en\/wp-json\/wp\/v2\/pages\/8994\/revisions\/11367"}],"wp:featuredmedia":[{"embeddable":true,"href":"https:\/\/decouvrirmacite.com\/en\/wp-json\/wp\/v2\/media\/10502"}],"wp:attachment":[{"href":"https:\/\/decouvrirmacite.com\/en\/wp-json\/wp\/v2\/media?parent=8994"}],"curies":[{"name":"wp","href":"https:\/\/api.w.org\/{rel}","templated":true}]}}