{"id":11492,"date":"2023-07-06T09:31:27","date_gmt":"2023-07-06T08:31:27","guid":{"rendered":"https:\/\/decouvrirmacite.com\/?page_id=11492"},"modified":"2024-04-25T08:14:50","modified_gmt":"2024-04-25T07:14:50","slug":"subscribe","status":"publish","type":"page","link":"https:\/\/decouvrirmacite.com\/en\/subscribe\/","title":{"rendered":"Parcours patrimonial d\u00e9couvrir ma cit\u00e9 et soir\u00e9e interculturelle"},"content":{"rendered":"<div data-elementor-type=\"wp-page\" data-elementor-id=\"11492\" class=\"elementor elementor-11492\">\n\t\t\t\t\t\t\t\t\t<section class=\"elementor-section elementor-top-section elementor-element elementor-element-0e11191 elementor-section-boxed elementor-section-height-default elementor-section-height-default\" data-id=\"0e11191\" data-element_type=\"section\">\n\t\t\t\t\t\t<div class=\"elementor-container elementor-column-gap-default\">\n\t\t\t\t\t<div class=\"elementor-column elementor-col-100 elementor-top-column elementor-element elementor-element-abaebf2\" data-id=\"abaebf2\" data-element_type=\"column\">\n\t\t\t<div class=\"elementor-widget-wrap elementor-element-populated\">\n\t\t\t\t\t\t\t\t<div class=\"elementor-element elementor-element-9e6dc35 elementor-widget elementor-widget-hub_fancy_heading\" data-id=\"9e6dc35\" data-element_type=\"widget\" data-widget_type=\"hub_fancy_heading.default\">\n\t\t\t\t<div class=\"elementor-widget-container\">\n\t\t\t\n\t\t<div id=\"ld-fancy-heading-69d6dbdb973f8\" class=\"ld-fancy-heading pos-rel\">\n\t\t\t<h4 class=\"ld-fh-element d-inline-block pos-rel elementor-heading-title lqd-highlight-classic lqd-highlight-grow-left h4\"  > Se retrouver en communaut\u00e9 est important pour faciliter l'insertion <\/h4>\t\t<\/div>\n\n\t\t\t\t<\/div>\n\t\t\t\t<\/div>\n\t\t\t\t<div class=\"elementor-element elementor-element-1b01c2e elementor-widget-divider--view-line elementor-widget elementor-widget-divider\" data-id=\"1b01c2e\" data-element_type=\"widget\" data-widget_type=\"divider.default\">\n\t\t\t\t<div class=\"elementor-widget-container\">\n\t\t\t<style>\/*! elementor - v3.6.5 - 27-04-2022 *\/\n.elementor-widget-divider{--divider-border-style:none;--divider-border-width:1px;--divider-color:#2c2c2c;--divider-icon-size:20px;--divider-element-spacing:10px;--divider-pattern-height:24px;--divider-pattern-size:20px;--divider-pattern-url:none;--divider-pattern-repeat:repeat-x}.elementor-widget-divider .elementor-divider{display:-webkit-box;display:-ms-flexbox;display:flex}.elementor-widget-divider .elementor-divider__text{font-size:15px;line-height:1;max-width:95%}.elementor-widget-divider .elementor-divider__element{margin:0 var(--divider-element-spacing);-ms-flex-negative:0;flex-shrink:0}.elementor-widget-divider .elementor-icon{font-size:var(--divider-icon-size)}.elementor-widget-divider .elementor-divider-separator{display:-webkit-box;display:-ms-flexbox;display:flex;margin:0;direction:ltr}.elementor-widget-divider--view-line_icon .elementor-divider-separator,.elementor-widget-divider--view-line_text .elementor-divider-separator{-webkit-box-align:center;-ms-flex-align:center;align-items:center}.elementor-widget-divider--view-line_icon .elementor-divider-separator:after,.elementor-widget-divider--view-line_icon .elementor-divider-separator:before,.elementor-widget-divider--view-line_text .elementor-divider-separator:after,.elementor-widget-divider--view-line_text .elementor-divider-separator:before{display:block;content:\"\";border-bottom:0;-webkit-box-flex:1;-ms-flex-positive:1;flex-grow:1;border-top:var(--divider-border-width) var(--divider-border-style) var(--divider-color)}.elementor-widget-divider--element-align-left .elementor-divider .elementor-divider-separator>.elementor-divider__svg:first-of-type{-webkit-box-flex:0;-ms-flex-positive:0;flex-grow:0;-ms-flex-negative:100;flex-shrink:100}.elementor-widget-divider--element-align-left .elementor-divider-separator:before{content:none}.elementor-widget-divider--element-align-left .elementor-divider__element{margin-left:0}.elementor-widget-divider--element-align-right .elementor-divider .elementor-divider-separator>.elementor-divider__svg:last-of-type{-webkit-box-flex:0;-ms-flex-positive:0;flex-grow:0;-ms-flex-negative:100;flex-shrink:100}.elementor-widget-divider--element-align-right .elementor-divider-separator:after{content:none}.elementor-widget-divider--element-align-right .elementor-divider__element{margin-right:0}.elementor-widget-divider:not(.elementor-widget-divider--view-line_text):not(.elementor-widget-divider--view-line_icon) .elementor-divider-separator{border-top:var(--divider-border-width) var(--divider-border-style) var(--divider-color)}.elementor-widget-divider--separator-type-pattern{--divider-border-style:none}.elementor-widget-divider--separator-type-pattern.elementor-widget-divider--view-line .elementor-divider-separator,.elementor-widget-divider--separator-type-pattern:not(.elementor-widget-divider--view-line) .elementor-divider-separator:after,.elementor-widget-divider--separator-type-pattern:not(.elementor-widget-divider--view-line) .elementor-divider-separator:before,.elementor-widget-divider--separator-type-pattern:not([class*=elementor-widget-divider--view]) .elementor-divider-separator{width:100%;min-height:var(--divider-pattern-height);-webkit-mask-size:var(--divider-pattern-size) 100%;mask-size:var(--divider-pattern-size) 100%;-webkit-mask-repeat:var(--divider-pattern-repeat);mask-repeat:var(--divider-pattern-repeat);background-color:var(--divider-color);-webkit-mask-image:var(--divider-pattern-url);mask-image:var(--divider-pattern-url)}.elementor-widget-divider--no-spacing{--divider-pattern-size:auto}.elementor-widget-divider--bg-round{--divider-pattern-repeat:round}.rtl .elementor-widget-divider .elementor-divider__text{direction:rtl}<\/style>\t\t<div class=\"elementor-divider\">\n\t\t\t<span class=\"elementor-divider-separator\">\n\t\t\t\t\t\t<\/span>\n\t\t<\/div>\n\t\t\t\t<\/div>\n\t\t\t\t<\/div>\n\t\t\t\t<div class=\"elementor-element elementor-element-2994c1a elementor-widget elementor-widget-text-editor\" data-id=\"2994c1a\" data-element_type=\"widget\" data-widget_type=\"text-editor.default\">\n\t\t\t\t<div class=\"elementor-widget-container\">\n\t\t\t<style>\/*! elementor - v3.6.5 - 27-04-2022 *\/\n.elementor-widget-text-editor.elementor-drop-cap-view-stacked .elementor-drop-cap{background-color:#818a91;color:#fff}.elementor-widget-text-editor.elementor-drop-cap-view-framed .elementor-drop-cap{color:#818a91;border:3px solid;background-color:transparent}.elementor-widget-text-editor:not(.elementor-drop-cap-view-default) .elementor-drop-cap{margin-top:8px}.elementor-widget-text-editor:not(.elementor-drop-cap-view-default) .elementor-drop-cap-letter{width:1em;height:1em}.elementor-widget-text-editor .elementor-drop-cap{float:left;text-align:center;line-height:1;font-size:50px}.elementor-widget-text-editor .elementor-drop-cap-letter{display:inline-block}<\/style>\t\t\t\t<p>Nous organisons des rencontres fr\u00e9quemment pour faciliter l&rsquo;insertion et resserrer les lien dans la communaut\u00e9.<\/p>\t\t\t\t\t\t<\/div>\n\t\t\t\t<\/div>\n\t\t\t\t<div class=\"elementor-element elementor-element-16de746 elementor-widget elementor-widget-spacer\" data-id=\"16de746\" data-element_type=\"widget\" data-widget_type=\"spacer.default\">\n\t\t\t\t<div class=\"elementor-widget-container\">\n\t\t\t<style>\/*! elementor - v3.6.5 - 27-04-2022 *\/\n.e-container.e-container--row .elementor-spacer-inner{width:var(--spacer-size)}.e-container.e-container--column .elementor-spacer-inner,.elementor-column .elementor-spacer-inner{height:var(--spacer-size)}<\/style>\t\t<div class=\"elementor-spacer\">\n\t\t\t<div class=\"elementor-spacer-inner\"><\/div>\n\t\t<\/div>\n\t\t\t\t<\/div>\n\t\t\t\t<\/div>\n\t\t\t\t\t<\/div>\n\t\t<\/div>\n\t\t\t\t\t\t\t<\/div>\n\t\t<\/section>\n\t\t\t\t<section class=\"elementor-section elementor-top-section elementor-element elementor-element-ec363d4 elementor-section-boxed elementor-section-height-default elementor-section-height-default\" data-id=\"ec363d4\" data-element_type=\"section\">\n\t\t\t\t\t\t<div class=\"elementor-container elementor-column-gap-default\">\n\t\t\t\t\t<div class=\"elementor-column elementor-col-50 elementor-top-column elementor-element elementor-element-41fa5d9\" data-id=\"41fa5d9\" data-element_type=\"column\">\n\t\t\t<div class=\"elementor-widget-wrap elementor-element-populated\">\n\t\t\t\t\t\t\t\t<div class=\"elementor-element elementor-element-0bb9a2d elementor-widget elementor-widget-ld_cf722\" data-id=\"0bb9a2d\" data-element_type=\"widget\" data-widget_type=\"ld_cf722.default\">\n\t\t\t\t<div class=\"elementor-widget-container\">\n\t\t\t\n\t<div class=\"lqd-contact-form\" >\n\t\t<div role=\"form\" class=\"wpcf7\" id=\"wpcf7-f11495-o1\" lang=\"en-US\" dir=\"ltr\">\n<div class=\"screen-reader-response\"><p role=\"status\" aria-live=\"polite\" aria-atomic=\"true\"><\/p> <ul><\/ul><\/div>\n<form action=\"\/en\/wp-json\/wp\/v2\/pages\/11492#wpcf7-f11495-o1\" method=\"post\" class=\"wpcf7-form init\" novalidate=\"novalidate\" data-status=\"init\" data-trp-original-action=\"\/en\/wp-json\/wp\/v2\/pages\/11492#wpcf7-f11495-o1\">\n<div style=\"display: none;\">\n<input type=\"hidden\" name=\"_wpcf7\" value=\"11495\" \/>\n<input type=\"hidden\" name=\"_wpcf7_version\" value=\"5.5.6\" \/>\n<input type=\"hidden\" name=\"_wpcf7_locale\" value=\"en_US\" \/>\n<input type=\"hidden\" name=\"_wpcf7_unit_tag\" value=\"wpcf7-f11495-o1\" \/>\n<input type=\"hidden\" name=\"_wpcf7_container_post\" value=\"0\" \/>\n<input type=\"hidden\" name=\"_wpcf7_posted_data_hash\" value=\"\" \/>\n<\/div>\n<p><label> Nom et pr\u00e9nom<br \/>\n    <span class=\"wpcf7-form-control-wrap text-726\"><input type=\"text\" name=\"text-726\" value=\"\" size=\"40\" class=\"wpcf7-form-control wpcf7-text wpcf7-validates-as-required\" aria-required=\"true\" aria-invalid=\"false\" placeholder=\"Nom et pr\u00e9nom\" \/><\/span> <\/label><\/p>\n<p><label> Votre num\u00e9ro<br \/>\n    <span class=\"wpcf7-form-control-wrap tel-902\"><input type=\"tel\" name=\"tel-902\" value=\"\" size=\"40\" class=\"wpcf7-form-control wpcf7-text wpcf7-tel wpcf7-validates-as-required wpcf7-validates-as-tel\" aria-required=\"true\" aria-invalid=\"false\" placeholder=\"Num\u00e9ro de t\u00e9l\u00e9phone\" \/><\/span> <\/label><\/p>\n<p><label> Votre email<br \/>\n    <span class=\"wpcf7-form-control-wrap email-766\"><input type=\"email\" name=\"email-766\" value=\"\" size=\"40\" class=\"wpcf7-form-control wpcf7-text wpcf7-email wpcf7-validates-as-required wpcf7-validates-as-email\" aria-required=\"true\" aria-invalid=\"false\" placeholder=\"Email\" \/><\/span> <\/label><\/p>\n<p><label> Nombre de personnes vous accompagnant<br \/>\n<span class=\"wpcf7-form-control-wrap participant-766\"><select name=\"participant-766\" class=\"wpcf7-form-control wpcf7-select\" aria-invalid=\"false\"><option value=\"Aucune\" selected=\"selected\">Aucune<\/option><option value=\"1\">1<\/option><option value=\"2\">2<\/option><option value=\"3\">3<\/option><option value=\"4\">4<\/option><option value=\"Autre\">Autre<\/option><\/select><\/span> <\/label><\/p>\n<p><label> Veuillez fournir les noms, pr\u00e9noms, courriels et num\u00e9ros  de t\u00e9l\u00e9phone des personnes vous accompagnant (s'il y'a lieu)<br \/>\n    <span class=\"wpcf7-form-control-wrap participant-726\"><textarea name=\"participant-726\" cols=\"40\" rows=\"3\" class=\"wpcf7-form-control wpcf7-textarea\" aria-invalid=\"false\"><\/textarea><\/span> <\/label><\/p>\n<p><label> Est-ce que c'est la premi\u00e8re fois que vous assistez \u00e0 un de nos \u00e9v\u00e9nements gratuits ?<br \/>\n<span class=\"wpcf7-form-control-wrap first-time-766\"><select name=\"first-time-766\" class=\"wpcf7-form-control wpcf7-select\" aria-invalid=\"false\"><option value=\"Oui\" selected=\"selected\">Oui<\/option><option value=\"Non\">Non<\/option><\/select><\/span> <\/label><\/p>\n<p><input type=\"submit\" value=\"Je m&#039;inscris\" class=\"wpcf7-form-control has-spinner wpcf7-submit\" \/><\/p>\n<div class=\"wpcf7-response-output\" aria-hidden=\"true\"><\/div><input type=\"hidden\" name=\"trp-form-language\" value=\"en\"\/><\/form><\/div>\t<\/div>\n\n\t\t\t<\/div>\n\t\t\t\t<\/div>\n\t\t\t\t\t<\/div>\n\t\t<\/div>\n\t\t\t\t<div class=\"elementor-column elementor-col-50 elementor-top-column elementor-element elementor-element-95e75c7\" data-id=\"95e75c7\" data-element_type=\"column\">\n\t\t\t<div class=\"elementor-widget-wrap elementor-element-populated\">\n\t\t\t\t\t\t\t\t<div class=\"elementor-element elementor-element-0947e97 elementor-widget elementor-widget-ld_fancy_image\" data-id=\"0947e97\" data-element_type=\"widget\" data-widget_type=\"ld_fancy_image.default\">\n\t\t\t\t<div class=\"elementor-widget-container\">\n\t\t\t\n\t\t\t<div class=\"lqd-imggrp-single d-block pos-rel\"   >\n\t\t\t\t\n\t\t\t\t<div class=\"lqd-imggrp-img-container d-inline-flex pos-rel align-items-center justify-content-center\">\n\t\t\t\t\t\n\t\t\t\t\t\t\t\t\t\t<figure class=\"w-100 pos-rel\"   >\n\t\t\t\t\t\t<img width=\"1600\" height=\"520\" src=\"data:image\/svg+xml,%3Csvg xmlns=&#039;http:\/\/www.w3.org\/2000\/svg&#039; viewBox=&#039;0 0 1600 520&#039;%3E%3C\/svg%3E\" class=\"attachment-full size-full ld-lazyload\" alt=\"\" loading=\"lazy\" data-src=\"https:\/\/decouvrirmacite.com\/wp-content\/uploads\/2024\/04\/WhatsApp-Image-2024-04-22-at-09.21.54.jpeg\" data-srcset=\"https:\/\/decouvrirmacite.com\/wp-content\/uploads\/2024\/04\/WhatsApp-Image-2024-04-22-at-09.21.54.jpeg 1600w, https:\/\/decouvrirmacite.com\/wp-content\/uploads\/2024\/04\/WhatsApp-Image-2024-04-22-at-09.21.54-300x98.jpeg 300w, https:\/\/decouvrirmacite.com\/wp-content\/uploads\/2024\/04\/WhatsApp-Image-2024-04-22-at-09.21.54-1024x333.jpeg 1024w, https:\/\/decouvrirmacite.com\/wp-content\/uploads\/2024\/04\/WhatsApp-Image-2024-04-22-at-09.21.54-18x6.jpeg 18w, https:\/\/decouvrirmacite.com\/wp-content\/uploads\/2024\/04\/WhatsApp-Image-2024-04-22-at-09.21.54-1536x499.jpeg 1536w\" data-sizes=\"(max-width: 1600px) 100vw, 1600px\" data-aspect=\"3.0769230769231\" \/>\t\t\t\t\t\t\t\t\t\t\t\t\t\t\t\t\t\t\t\t\t\t\t\t\t\t\t\t\t<\/figure>\n\t\t\t\t\t\n\t\t\t\t<\/div>\n\t\t\t<\/div>\n\n\t\t\t\t<\/div>\n\t\t\t\t<\/div>\n\t\t\t\t\t<\/div>\n\t\t<\/div>\n\t\t\t\t\t\t\t<\/div>\n\t\t<\/section>\n\t\t\t\t\t\t\t<\/div>","protected":false},"excerpt":{"rendered":"<p>Se retrouver en communaut\u00e9 est important pour faciliter l&rsquo;insertion Nous organisons des rencontres fr\u00e9quemment pour faciliter l&rsquo;insertion et resserrer les lien dans la communaut\u00e9. Nom et pr\u00e9nom Votre num\u00e9ro Votre email Nombre de personnes vous accompagnant Aucune1234Autre Veuillez fournir les noms, pr\u00e9noms, courriels et num\u00e9ros de t\u00e9l\u00e9phone des personnes vous accompagnant (s&rsquo;il y&rsquo;a lieu) Est-ce [&hellip;]<\/p>","protected":false},"author":1,"featured_media":0,"parent":0,"menu_order":0,"comment_status":"closed","ping_status":"closed","template":"","meta":[],"yoast_head":"<!-- This site is optimized with the Yoast SEO plugin v18.6 - https:\/\/yoast.com\/wordpress\/plugins\/seo\/ -->\n<title>Parcours patrimonial d\u00e9couvrir ma cit\u00e9 et soir\u00e9e interculturelle - D\u00e9couvrir ma cit\u00e9<\/title>\n<meta name=\"robots\" content=\"index, follow, max-snippet:-1, max-image-preview:large, max-video-preview:-1\" \/>\n<link rel=\"canonical\" href=\"https:\/\/decouvrirmacite.com\/en\/subscribe\/\" \/>\n<meta property=\"og:locale\" content=\"en_GB\" \/>\n<meta property=\"og:type\" content=\"article\" \/>\n<meta property=\"og:title\" content=\"Parcours patrimonial d\u00e9couvrir ma cit\u00e9 et soir\u00e9e interculturelle - D\u00e9couvrir ma cit\u00e9\" \/>\n<meta property=\"og:description\" content=\"Se retrouver en communaut\u00e9 est important pour faciliter l&rsquo;insertion Nous organisons des rencontres fr\u00e9quemment pour faciliter l&rsquo;insertion et resserrer les lien dans la communaut\u00e9. Nom et pr\u00e9nom Votre num\u00e9ro Votre email Nombre de personnes vous accompagnant Aucune1234Autre Veuillez fournir les noms, pr\u00e9noms, courriels et num\u00e9ros de t\u00e9l\u00e9phone des personnes vous accompagnant (s&rsquo;il y&rsquo;a lieu) Est-ce [&hellip;]\" \/>\n<meta property=\"og:url\" content=\"https:\/\/decouvrirmacite.com\/en\/subscribe\/\" \/>\n<meta property=\"og:site_name\" content=\"D\u00e9couvrir ma cit\u00e9\" \/>\n<meta property=\"article:modified_time\" content=\"2024-04-25T07:14:50+00:00\" \/>\n<meta property=\"og:image\" content=\"https:\/\/decouvrirmacite.com\/wp-content\/uploads\/2024\/04\/WhatsApp-Image-2024-04-22-at-09.21.54.jpeg\" \/>\n<meta name=\"twitter:label1\" content=\"Estimated reading time\" \/>\n\t<meta name=\"twitter:data1\" content=\"1 minute\" \/>\n<script type=\"application\/ld+json\" class=\"yoast-schema-graph\">{\"@context\":\"https:\/\/schema.org\",\"@graph\":[{\"@type\":\"WebSite\",\"@id\":\"https:\/\/decouvrirmacite.com\/#website\",\"url\":\"https:\/\/decouvrirmacite.com\/\",\"name\":\"D\u00e9couvrir ma cit\u00e9\",\"description\":\"\",\"potentialAction\":[{\"@type\":\"SearchAction\",\"target\":{\"@type\":\"EntryPoint\",\"urlTemplate\":\"https:\/\/decouvrirmacite.com\/?s={search_term_string}\"},\"query-input\":\"required name=search_term_string\"}],\"inLanguage\":\"en-GB\"},{\"@type\":\"ImageObject\",\"@id\":\"https:\/\/decouvrirmacite.com\/subscribe\/#primaryimage\",\"inLanguage\":\"en-GB\",\"url\":\"https:\/\/decouvrirmacite.com\/wp-content\/uploads\/2024\/04\/WhatsApp-Image-2024-04-22-at-09.21.54.jpeg\",\"contentUrl\":\"https:\/\/decouvrirmacite.com\/wp-content\/uploads\/2024\/04\/WhatsApp-Image-2024-04-22-at-09.21.54.jpeg\",\"width\":1600,\"height\":520},{\"@type\":\"WebPage\",\"@id\":\"https:\/\/decouvrirmacite.com\/subscribe\/#webpage\",\"url\":\"https:\/\/decouvrirmacite.com\/subscribe\/\",\"name\":\"Parcours patrimonial d\u00e9couvrir ma cit\u00e9 et soir\u00e9e interculturelle - D\u00e9couvrir ma cit\u00e9\",\"isPartOf\":{\"@id\":\"https:\/\/decouvrirmacite.com\/#website\"},\"primaryImageOfPage\":{\"@id\":\"https:\/\/decouvrirmacite.com\/subscribe\/#primaryimage\"},\"datePublished\":\"2023-07-06T08:31:27+00:00\",\"dateModified\":\"2024-04-25T07:14:50+00:00\",\"breadcrumb\":{\"@id\":\"https:\/\/decouvrirmacite.com\/subscribe\/#breadcrumb\"},\"inLanguage\":\"en-GB\",\"potentialAction\":[{\"@type\":\"ReadAction\",\"target\":[\"https:\/\/decouvrirmacite.com\/subscribe\/\"]}]},{\"@type\":\"BreadcrumbList\",\"@id\":\"https:\/\/decouvrirmacite.com\/subscribe\/#breadcrumb\",\"itemListElement\":[{\"@type\":\"ListItem\",\"position\":1,\"name\":\"Accueil\",\"item\":\"https:\/\/decouvrirmacite.com\/\"},{\"@type\":\"ListItem\",\"position\":2,\"name\":\"Parcours patrimonial d\u00e9couvrir ma cit\u00e9 et soir\u00e9e interculturelle\"}]}]}<\/script>\n<!-- \/ Yoast SEO plugin. -->","yoast_head_json":{"title":"Parcours patrimonial d\u00e9couvrir ma cit\u00e9 et soir\u00e9e interculturelle - D\u00e9couvrir ma cit\u00e9","robots":{"index":"index","follow":"follow","max-snippet":"max-snippet:-1","max-image-preview":"max-image-preview:large","max-video-preview":"max-video-preview:-1"},"canonical":"https:\/\/decouvrirmacite.com\/en\/subscribe\/","og_locale":"en_GB","og_type":"article","og_title":"Parcours patrimonial d\u00e9couvrir ma cit\u00e9 et soir\u00e9e interculturelle - D\u00e9couvrir ma cit\u00e9","og_description":"Se retrouver en communaut\u00e9 est important pour faciliter l&rsquo;insertion Nous organisons des rencontres fr\u00e9quemment pour faciliter l&rsquo;insertion et resserrer les lien dans la communaut\u00e9. Nom et pr\u00e9nom Votre num\u00e9ro Votre email Nombre de personnes vous accompagnant Aucune1234Autre Veuillez fournir les noms, pr\u00e9noms, courriels et num\u00e9ros de t\u00e9l\u00e9phone des personnes vous accompagnant (s&rsquo;il y&rsquo;a lieu) Est-ce [&hellip;]","og_url":"https:\/\/decouvrirmacite.com\/en\/subscribe\/","og_site_name":"D\u00e9couvrir ma cit\u00e9","article_modified_time":"2024-04-25T07:14:50+00:00","og_image":[{"url":"https:\/\/decouvrirmacite.com\/wp-content\/uploads\/2024\/04\/WhatsApp-Image-2024-04-22-at-09.21.54.jpeg"}],"twitter_misc":{"Estimated reading time":"1 minute"},"schema":{"@context":"https:\/\/schema.org","@graph":[{"@type":"WebSite","@id":"https:\/\/decouvrirmacite.com\/#website","url":"https:\/\/decouvrirmacite.com\/","name":"D\u00e9couvrir ma cit\u00e9","description":"","potentialAction":[{"@type":"SearchAction","target":{"@type":"EntryPoint","urlTemplate":"https:\/\/decouvrirmacite.com\/?s={search_term_string}"},"query-input":"required name=search_term_string"}],"inLanguage":"en-GB"},{"@type":"ImageObject","@id":"https:\/\/decouvrirmacite.com\/subscribe\/#primaryimage","inLanguage":"en-GB","url":"https:\/\/decouvrirmacite.com\/wp-content\/uploads\/2024\/04\/WhatsApp-Image-2024-04-22-at-09.21.54.jpeg","contentUrl":"https:\/\/decouvrirmacite.com\/wp-content\/uploads\/2024\/04\/WhatsApp-Image-2024-04-22-at-09.21.54.jpeg","width":1600,"height":520},{"@type":"WebPage","@id":"https:\/\/decouvrirmacite.com\/subscribe\/#webpage","url":"https:\/\/decouvrirmacite.com\/subscribe\/","name":"Parcours patrimonial d\u00e9couvrir ma cit\u00e9 et soir\u00e9e interculturelle - D\u00e9couvrir ma cit\u00e9","isPartOf":{"@id":"https:\/\/decouvrirmacite.com\/#website"},"primaryImageOfPage":{"@id":"https:\/\/decouvrirmacite.com\/subscribe\/#primaryimage"},"datePublished":"2023-07-06T08:31:27+00:00","dateModified":"2024-04-25T07:14:50+00:00","breadcrumb":{"@id":"https:\/\/decouvrirmacite.com\/subscribe\/#breadcrumb"},"inLanguage":"en-GB","potentialAction":[{"@type":"ReadAction","target":["https:\/\/decouvrirmacite.com\/subscribe\/"]}]},{"@type":"BreadcrumbList","@id":"https:\/\/decouvrirmacite.com\/subscribe\/#breadcrumb","itemListElement":[{"@type":"ListItem","position":1,"name":"Accueil","item":"https:\/\/decouvrirmacite.com\/"},{"@type":"ListItem","position":2,"name":"Parcours patrimonial d\u00e9couvrir ma cit\u00e9 et soir\u00e9e interculturelle"}]}]}},"_links":{"self":[{"href":"https:\/\/decouvrirmacite.com\/en\/wp-json\/wp\/v2\/pages\/11492"}],"collection":[{"href":"https:\/\/decouvrirmacite.com\/en\/wp-json\/wp\/v2\/pages"}],"about":[{"href":"https:\/\/decouvrirmacite.com\/en\/wp-json\/wp\/v2\/types\/page"}],"author":[{"embeddable":true,"href":"https:\/\/decouvrirmacite.com\/en\/wp-json\/wp\/v2\/users\/1"}],"replies":[{"embeddable":true,"href":"https:\/\/decouvrirmacite.com\/en\/wp-json\/wp\/v2\/comments?post=11492"}],"version-history":[{"count":58,"href":"https:\/\/decouvrirmacite.com\/en\/wp-json\/wp\/v2\/pages\/11492\/revisions"}],"predecessor-version":[{"id":11673,"href":"https:\/\/decouvrirmacite.com\/en\/wp-json\/wp\/v2\/pages\/11492\/revisions\/11673"}],"wp:attachment":[{"href":"https:\/\/decouvrirmacite.com\/en\/wp-json\/wp\/v2\/media?parent=11492"}],"curies":[{"name":"wp","href":"https:\/\/api.w.org\/{rel}","templated":true}]}}