{"id":10612,"date":"2022-04-04T17:01:41","date_gmt":"2022-04-04T16:01:41","guid":{"rendered":"https:\/\/decouvrirmacite.com\/?page_id=10612"},"modified":"2022-04-04T17:22:11","modified_gmt":"2022-04-04T16:22:11","slug":"galerie","status":"publish","type":"page","link":"https:\/\/decouvrirmacite.com\/en\/gallery\/","title":{"rendered":"Gallery"},"content":{"rendered":"<div data-elementor-type=\"wp-page\" data-elementor-id=\"10612\" class=\"elementor elementor-10612\">\n\t\t\t\t\t\t\t\t\t<section class=\"elementor-section elementor-top-section elementor-element elementor-element-168bea38 elementor-section-content-middle elementor-section-boxed elementor-section-height-default elementor-section-height-default\" data-id=\"168bea38\" data-element_type=\"section\">\n\t\t\t\t\t\t<div class=\"elementor-container elementor-column-gap-default\">\n\t\t\t\t\t<div class=\"elementor-column elementor-col-50 elementor-top-column elementor-element elementor-element-7bf510fa\" data-id=\"7bf510fa\" data-element_type=\"column\">\n\t\t\t<div class=\"elementor-widget-wrap elementor-element-populated\">\n\t\t\t\t\t\t\t\t<div class=\"elementor-element elementor-element-6f77c293 elementor-widget elementor-widget-ld_fancy_image\" data-id=\"6f77c293\" data-element_type=\"widget\" data-widget_type=\"ld_fancy_image.default\">\n\t\t\t\t<div class=\"elementor-widget-container\">\n\t\t\t\n\t\t\t<div class=\"lqd-imggrp-single d-block pos-rel\" data-shadow-style=\"4\"  >\n\t\t\t\t\n\t\t\t\t<div class=\"lqd-imggrp-img-container d-inline-flex pos-rel align-items-center justify-content-center\">\n\t\t\t\t\t\n\t\t\t\t\t\t\t\t\t\t<figure class=\"w-100 pos-rel\"   >\n\t\t\t\t\t\t<img width=\"1512\" height=\"2016\" src=\"data:image\/svg+xml,%3Csvg xmlns=&#039;http:\/\/www.w3.org\/2000\/svg&#039; viewBox=&#039;0 0 1512 2016&#039;%3E%3C\/svg%3E\" class=\"attachment-full size-full ld-lazyload\" alt=\"\" loading=\"lazy\" data-src=\"https:\/\/decouvrirmacite.com\/wp-content\/uploads\/2022\/04\/246591608_1313286475760349_6886093645342872647_n.jpeg\" data-srcset=\"https:\/\/decouvrirmacite.com\/wp-content\/uploads\/2022\/04\/246591608_1313286475760349_6886093645342872647_n.jpeg 1512w, https:\/\/decouvrirmacite.com\/wp-content\/uploads\/2022\/04\/246591608_1313286475760349_6886093645342872647_n-225x300.jpeg 225w, https:\/\/decouvrirmacite.com\/wp-content\/uploads\/2022\/04\/246591608_1313286475760349_6886093645342872647_n-768x1024.jpeg 768w, https:\/\/decouvrirmacite.com\/wp-content\/uploads\/2022\/04\/246591608_1313286475760349_6886093645342872647_n-1152x1536.jpeg 1152w, https:\/\/decouvrirmacite.com\/wp-content\/uploads\/2022\/04\/246591608_1313286475760349_6886093645342872647_n-600x800.jpeg 600w, https:\/\/decouvrirmacite.com\/wp-content\/uploads\/2022\/04\/246591608_1313286475760349_6886093645342872647_n-9x12.jpeg 9w\" data-sizes=\"(max-width: 1512px) 100vw, 1512px\" data-aspect=\"0.75\" \/>\t\t\t\t\t\t\t\t\t\t\t\t\t\t\t\t\t\t\t\t\t\t\t\t\t\t\t\t\t<\/figure>\n\t\t\t\t\t\n\t\t\t\t<\/div>\n\t\t\t<\/div>\n\n\t\t\t\t<\/div>\n\t\t\t\t<\/div>\n\t\t\t\t<div class=\"elementor-element elementor-element-75297851 elementor-widget elementor-widget-ld_fancy_image\" data-id=\"75297851\" data-element_type=\"widget\" data-widget_type=\"ld_fancy_image.default\">\n\t\t\t\t<div class=\"elementor-widget-container\">\n\t\t\t\n\t\t\t<div class=\"lqd-imggrp-single d-block pos-rel\" data-shadow-style=\"4\"  >\n\t\t\t\t\n\t\t\t\t<div class=\"lqd-imggrp-img-container d-inline-flex pos-rel align-items-center justify-content-center\">\n\t\t\t\t\t\n\t\t\t\t\t\t\t\t\t\t<figure class=\"w-100 pos-rel\"   >\n\t\t\t\t\t\t<img width=\"2048\" height=\"1536\" src=\"data:image\/svg+xml,%3Csvg xmlns=&#039;http:\/\/www.w3.org\/2000\/svg&#039; viewBox=&#039;0 0 2048 1536&#039;%3E%3C\/svg%3E\" class=\"attachment-full size-full ld-lazyload\" alt=\"\" loading=\"lazy\" data-src=\"https:\/\/decouvrirmacite.com\/wp-content\/uploads\/2022\/04\/246362200_1313221152433548_3403371859500610290_n.jpeg\" data-srcset=\"https:\/\/decouvrirmacite.com\/wp-content\/uploads\/2022\/04\/246362200_1313221152433548_3403371859500610290_n.jpeg 2048w, https:\/\/decouvrirmacite.com\/wp-content\/uploads\/2022\/04\/246362200_1313221152433548_3403371859500610290_n-300x225.jpeg 300w, https:\/\/decouvrirmacite.com\/wp-content\/uploads\/2022\/04\/246362200_1313221152433548_3403371859500610290_n-1024x768.jpeg 1024w, https:\/\/decouvrirmacite.com\/wp-content\/uploads\/2022\/04\/246362200_1313221152433548_3403371859500610290_n-1536x1152.jpeg 1536w, https:\/\/decouvrirmacite.com\/wp-content\/uploads\/2022\/04\/246362200_1313221152433548_3403371859500610290_n-600x450.jpeg 600w, https:\/\/decouvrirmacite.com\/wp-content\/uploads\/2022\/04\/246362200_1313221152433548_3403371859500610290_n-16x12.jpeg 16w\" data-sizes=\"(max-width: 2048px) 100vw, 2048px\" data-aspect=\"1.3333333333333\" \/>\t\t\t\t\t\t\t\t\t\t\t\t\t\t\t\t\t\t\t\t\t\t\t\t\t\t\t\t\t<\/figure>\n\t\t\t\t\t\n\t\t\t\t<\/div>\n\t\t\t<\/div>\n\n\t\t\t\t<\/div>\n\t\t\t\t<\/div>\n\t\t\t\t\t<\/div>\n\t\t<\/div>\n\t\t\t\t<div data-custom-animations=\"true\" data-ca-options=\"{&quot;addChildTimelines&quot;:false,&quot;animationTarget&quot;:&quot;:scope &gt; .elementor-widget-wrap &gt; .elementor-element &gt; .elementor-widget-container, :scope &gt; .elementor-widget-wrap &gt; .elementor-section &gt; .elementor-container &gt; .elementor-column &gt; .elementor-widget-wrap &gt; .elementor-element:not(.lqd-el-has-inner-anim) &gt; .elementor-widget-container, :scope &gt; .elementor-widget-wrap &gt; .elementor-widget-hub_fancy_heading .lqd-split-lines .lqd-lines .split-inner, :scope &gt; .elementor-widget-wrap &gt; .elementor-widget-hub_fancy_heading .lqd-split-words .lqd-words .split-inner, :scope &gt; .elementor-widget-wrap &gt; .elementor-widget-hub_fancy_heading .lqd-split-chars .lqd-chars .split-inner, :scope &gt; .elementor-widget-wrap &gt; .elementor-widget-ld_custom_menu .lqd-fancy-menu &gt; ul &gt; li&quot;,&quot;duration&quot;:1800,&quot;delay&quot;:180,&quot;ease&quot;:[&quot;power4.out&quot;],&quot;initValues&quot;:{&quot;y&quot;:&quot;35px&quot;,&quot;opacity&quot;:0},&quot;animations&quot;:{&quot;y&quot;:&quot;0px&quot;,&quot;opacity&quot;:1}}\" class=\"elementor-column elementor-col-50 elementor-top-column elementor-element elementor-element-6d5d2969\" data-id=\"6d5d2969\" data-element_type=\"column\">\n\t\t\t<div class=\"elementor-widget-wrap elementor-element-populated\">\n\t\t\t\t\t\t\t\t<div class=\"elementor-element elementor-element-1c9b15f8 elementor-widget elementor-widget-hub_fancy_heading\" data-id=\"1c9b15f8\" data-element_type=\"widget\" data-widget_type=\"hub_fancy_heading.default\">\n\t\t\t\t<div class=\"elementor-widget-container\">\n\t\t\t\n\t\t<div id=\"ld-fancy-heading-6a01f13689149\" class=\"ld-fancy-heading pos-rel\">\n\t\t\t<h2 class=\"ld-fh-element d-inline-block pos-rel elementor-heading-title lqd-highlight-classic lqd-highlight-grow-left h2\"  > Cultural evening<\/h2>\t\t<\/div>\n\n\t\t\t\t<\/div>\n\t\t\t\t<\/div>\n\t\t\t\t<div class=\"elementor-element elementor-element-2ea4840d elementor-align-left elementor-widget elementor-widget-ld_button\" data-id=\"2ea4840d\" data-element_type=\"widget\" data-widget_type=\"ld_button.default\">\n\t\t\t\t<div class=\"elementor-widget-container\">\n\t\t\t\n\t\t<a  class=\"elementor-button btn ws-nowrap btn-solid btn-lg btn-icon-right btn-hover-reveal btn-has-label\" target=\"_blank\" rel=\"nofollow\" >\n\t\t\t\t\t\t\t<span class=\"btn-txt\"  data-text=\"En savoir plus\" >Read more<\/span>\n\t\t\t\t\t\t\t\t\t\t\t<span class=\"btn-icon\">\n\t\t\t\t\t\t<i aria-hidden=\"true\" class=\"lqd-icn-ess icon-md-arrow-round-forward\"><\/i>\t\t\t\t\t<\/span>\n\t\t\t\t\t\t\t<\/a>\n\n\t\t\t\t<\/div>\n\t\t\t\t<\/div>\n\t\t\t\t\t<\/div>\n\t\t<\/div>\n\t\t\t\t\t\t\t<\/div>\n\t\t<\/section>\n\t\t\t\t\t\t\t<\/div>","protected":false},"excerpt":{"rendered":"<p>Cultural evening Read more<\/p>","protected":false},"author":1,"featured_media":0,"parent":0,"menu_order":0,"comment_status":"closed","ping_status":"closed","template":"","meta":[],"yoast_head":"<!-- This site is optimized with the Yoast SEO plugin v18.6 - https:\/\/yoast.com\/wordpress\/plugins\/seo\/ -->\n<title>Galerie - D\u00e9couvrir ma cit\u00e9<\/title>\n<meta name=\"robots\" content=\"index, follow, max-snippet:-1, max-image-preview:large, max-video-preview:-1\" \/>\n<link rel=\"canonical\" href=\"https:\/\/decouvrirmacite.com\/en\/gallery\/\" \/>\n<meta property=\"og:locale\" content=\"en_GB\" \/>\n<meta property=\"og:type\" content=\"article\" \/>\n<meta property=\"og:title\" content=\"Galerie - D\u00e9couvrir ma cit\u00e9\" \/>\n<meta property=\"og:description\" content=\"Soir\u00e9e culturelle En savoir plus\" \/>\n<meta property=\"og:url\" content=\"https:\/\/decouvrirmacite.com\/en\/gallery\/\" \/>\n<meta property=\"og:site_name\" content=\"D\u00e9couvrir ma cit\u00e9\" \/>\n<meta property=\"article:modified_time\" content=\"2022-04-04T16:22:11+00:00\" \/>\n<meta property=\"og:image\" content=\"https:\/\/decouvrirmacite.com\/wp-content\/uploads\/2022\/04\/246591608_1313286475760349_6886093645342872647_n.jpeg\" \/>\n<script type=\"application\/ld+json\" class=\"yoast-schema-graph\">{\"@context\":\"https:\/\/schema.org\",\"@graph\":[{\"@type\":\"WebSite\",\"@id\":\"https:\/\/decouvrirmacite.com\/#website\",\"url\":\"https:\/\/decouvrirmacite.com\/\",\"name\":\"D\u00e9couvrir ma cit\u00e9\",\"description\":\"\",\"potentialAction\":[{\"@type\":\"SearchAction\",\"target\":{\"@type\":\"EntryPoint\",\"urlTemplate\":\"https:\/\/decouvrirmacite.com\/?s={search_term_string}\"},\"query-input\":\"required name=search_term_string\"}],\"inLanguage\":\"en-GB\"},{\"@type\":\"ImageObject\",\"@id\":\"https:\/\/decouvrirmacite.com\/galerie\/#primaryimage\",\"inLanguage\":\"en-GB\",\"url\":\"https:\/\/decouvrirmacite.com\/wp-content\/uploads\/2022\/04\/246591608_1313286475760349_6886093645342872647_n.jpeg\",\"contentUrl\":\"https:\/\/decouvrirmacite.com\/wp-content\/uploads\/2022\/04\/246591608_1313286475760349_6886093645342872647_n.jpeg\",\"width\":1512,\"height\":2016},{\"@type\":\"WebPage\",\"@id\":\"https:\/\/decouvrirmacite.com\/galerie\/#webpage\",\"url\":\"https:\/\/decouvrirmacite.com\/galerie\/\",\"name\":\"Galerie - D\u00e9couvrir ma cit\u00e9\",\"isPartOf\":{\"@id\":\"https:\/\/decouvrirmacite.com\/#website\"},\"primaryImageOfPage\":{\"@id\":\"https:\/\/decouvrirmacite.com\/galerie\/#primaryimage\"},\"datePublished\":\"2022-04-04T16:01:41+00:00\",\"dateModified\":\"2022-04-04T16:22:11+00:00\",\"breadcrumb\":{\"@id\":\"https:\/\/decouvrirmacite.com\/galerie\/#breadcrumb\"},\"inLanguage\":\"en-GB\",\"potentialAction\":[{\"@type\":\"ReadAction\",\"target\":[\"https:\/\/decouvrirmacite.com\/galerie\/\"]}]},{\"@type\":\"BreadcrumbList\",\"@id\":\"https:\/\/decouvrirmacite.com\/galerie\/#breadcrumb\",\"itemListElement\":[{\"@type\":\"ListItem\",\"position\":1,\"name\":\"Accueil\",\"item\":\"https:\/\/decouvrirmacite.com\/\"},{\"@type\":\"ListItem\",\"position\":2,\"name\":\"Galerie\"}]}]}<\/script>\n<!-- \/ Yoast SEO plugin. -->","yoast_head_json":{"title":"Galerie - D\u00e9couvrir ma cit\u00e9","robots":{"index":"index","follow":"follow","max-snippet":"max-snippet:-1","max-image-preview":"max-image-preview:large","max-video-preview":"max-video-preview:-1"},"canonical":"https:\/\/decouvrirmacite.com\/en\/gallery\/","og_locale":"en_GB","og_type":"article","og_title":"Galerie - D\u00e9couvrir ma cit\u00e9","og_description":"Soir\u00e9e culturelle En savoir plus","og_url":"https:\/\/decouvrirmacite.com\/en\/gallery\/","og_site_name":"D\u00e9couvrir ma cit\u00e9","article_modified_time":"2022-04-04T16:22:11+00:00","og_image":[{"url":"https:\/\/decouvrirmacite.com\/wp-content\/uploads\/2022\/04\/246591608_1313286475760349_6886093645342872647_n.jpeg"}],"schema":{"@context":"https:\/\/schema.org","@graph":[{"@type":"WebSite","@id":"https:\/\/decouvrirmacite.com\/#website","url":"https:\/\/decouvrirmacite.com\/","name":"D\u00e9couvrir ma cit\u00e9","description":"","potentialAction":[{"@type":"SearchAction","target":{"@type":"EntryPoint","urlTemplate":"https:\/\/decouvrirmacite.com\/?s={search_term_string}"},"query-input":"required name=search_term_string"}],"inLanguage":"en-GB"},{"@type":"ImageObject","@id":"https:\/\/decouvrirmacite.com\/galerie\/#primaryimage","inLanguage":"en-GB","url":"https:\/\/decouvrirmacite.com\/wp-content\/uploads\/2022\/04\/246591608_1313286475760349_6886093645342872647_n.jpeg","contentUrl":"https:\/\/decouvrirmacite.com\/wp-content\/uploads\/2022\/04\/246591608_1313286475760349_6886093645342872647_n.jpeg","width":1512,"height":2016},{"@type":"WebPage","@id":"https:\/\/decouvrirmacite.com\/galerie\/#webpage","url":"https:\/\/decouvrirmacite.com\/galerie\/","name":"Galerie - D\u00e9couvrir ma cit\u00e9","isPartOf":{"@id":"https:\/\/decouvrirmacite.com\/#website"},"primaryImageOfPage":{"@id":"https:\/\/decouvrirmacite.com\/galerie\/#primaryimage"},"datePublished":"2022-04-04T16:01:41+00:00","dateModified":"2022-04-04T16:22:11+00:00","breadcrumb":{"@id":"https:\/\/decouvrirmacite.com\/galerie\/#breadcrumb"},"inLanguage":"en-GB","potentialAction":[{"@type":"ReadAction","target":["https:\/\/decouvrirmacite.com\/galerie\/"]}]},{"@type":"BreadcrumbList","@id":"https:\/\/decouvrirmacite.com\/galerie\/#breadcrumb","itemListElement":[{"@type":"ListItem","position":1,"name":"Accueil","item":"https:\/\/decouvrirmacite.com\/"},{"@type":"ListItem","position":2,"name":"Galerie"}]}]}},"_links":{"self":[{"href":"https:\/\/decouvrirmacite.com\/en\/wp-json\/wp\/v2\/pages\/10612"}],"collection":[{"href":"https:\/\/decouvrirmacite.com\/en\/wp-json\/wp\/v2\/pages"}],"about":[{"href":"https:\/\/decouvrirmacite.com\/en\/wp-json\/wp\/v2\/types\/page"}],"author":[{"embeddable":true,"href":"https:\/\/decouvrirmacite.com\/en\/wp-json\/wp\/v2\/users\/1"}],"replies":[{"embeddable":true,"href":"https:\/\/decouvrirmacite.com\/en\/wp-json\/wp\/v2\/comments?post=10612"}],"version-history":[{"count":0,"href":"https:\/\/decouvrirmacite.com\/en\/wp-json\/wp\/v2\/pages\/10612\/revisions"}],"wp:attachment":[{"href":"https:\/\/decouvrirmacite.com\/en\/wp-json\/wp\/v2\/media?parent=10612"}],"curies":[{"name":"wp","href":"https:\/\/api.w.org\/{rel}","templated":true}]}}